{"id":34,"date":"2024-06-06T12:41:23","date_gmt":"2024-06-06T10:41:23","guid":{"rendered":"https:\/\/popsu-tramebrune.univ-tours.fr\/?page_id=34"},"modified":"2025-11-15T15:47:06","modified_gmt":"2025-11-15T14:47:06","slug":"residence-artiste","status":"publish","type":"page","link":"https:\/\/popsu-tramebrune.univ-tours.fr\/index.php\/residence-artiste\/","title":{"rendered":"R\u00e9sidence de PieR Gajewski"},"content":{"rendered":"\n<p>L&rsquo;actualit\u00e9 de la r\u00e9sidence d&rsquo;artiste peut \u00eatre suivie gr\u00e2ce au site du service culturel de l&rsquo;universit\u00e9 de Tours g\u00e9r\u00e9 par Madame C\u00e9cile Thomas : <a href=\"https:\/\/culture.univ-tours.fr\/residence-2025-2026\">https:\/\/culture.univ-tours.fr\/residence-2025-2026<\/a> <\/p>\n\n\n\n<p>\u00c9v\u00e9nements r\u00e9cents et \u00e0 venir : <\/p>\n\n\n\n<p>11 d\u00e9cembre 2205 : <a href=\"https:\/\/culture.univ-tours.fr\/saison-2025-2026\/presentation-de-la-residence-2025-2026\" data-type=\"link\" data-id=\"https:\/\/culture.univ-tours.fr\/saison-2025-2026\/presentation-de-la-residence-2025-2026\">Soir\u00e9e de pr\u00e9sentation de la r\u00e9sidence d&rsquo;artiste 2025-2026<\/a>, salle Th\u00e9l\u00e8me, site universitaire des Tanneurs, <br><br>15 octobre 2025 : <a href=\"https:\/\/culture.univ-tours.fr\/saison-2025-2026\/rencontre-avec-pier-gajewski-auteur-de-bd-en-residence\" data-type=\"link\" data-id=\"https:\/\/culture.univ-tours.fr\/saison-2025-2026\/rencontre-avec-pier-gajewski-auteur-de-bd-en-residence\">Rencontre avec PieR Gajewski \u2022 Auteur de BD en r\u00e9sidence<\/a>, Biblioth\u00e8que universitaire des 2 Lions<br><\/p>\n\n\n\n<div class=\"wp-block-media-text is-stacked-on-mobile\"><figure class=\"wp-block-media-text__media\"><img loading=\"lazy\" decoding=\"async\" width=\"700\" height=\"750\" src=\"https:\/\/popsu-tramebrune.univ-tours.fr\/wp-content\/uploads\/2025\/11\/image-2.png\" alt=\"\" class=\"wp-image-183 size-full\" srcset=\"https:\/\/popsu-tramebrune.univ-tours.fr\/wp-content\/uploads\/2025\/11\/image-2.png 700w, https:\/\/popsu-tramebrune.univ-tours.fr\/wp-content\/uploads\/2025\/11\/image-2-280x300.png 280w\" sizes=\"auto, (max-width: 700px) 100vw, 700px\" \/><\/figure><div class=\"wp-block-media-text__content\">\n<p class=\"has-text-align-center has-medium-font-size\">3 octobre 2025 : <a href=\"https:\/\/culture.univ-tours.fr\/residence-2025-2026\/recit-dune-matinee-de-pedologie\" data-type=\"link\" data-id=\"https:\/\/culture.univ-tours.fr\/residence-2025-2026\/recit-dune-matinee-de-pedologie\">R\u00e9cit d&rsquo;une matin\u00e9e de p\u00e9dologie avec Patrick le Gou\u00e9e, g\u00e9ographe-p\u00e9dologue, par PieR Gajewski<\/a> [r\u00e9sidence d&rsquo;artiste]<br><\/p>\n<\/div><\/div>\n\n\n\n<p><br><\/p>\n\n\n\n<h2 class=\"wp-block-heading\">Pr\u00e9sentation de la r\u00e9sidence 2025-2026<\/h2>\n\n\n\n<p>\u00ab&nbsp;<strong>La grande trame brune : prot\u00e9ger la fonction \u00e9cologique des sols&nbsp;<\/strong>\u00bb<\/p>\n\n\n\n<p>Institut de Recherche Juridique Interdisciplinaire Fran\u00e7ois-Rabelais (IRJI) \u2022 PieR Gajewski, dessinateur-plasticien<\/p>\n\n\n\n<p>Cette ann\u00e9e, l\u2019unit\u00e9 de recherche IRJI accueille l\u2019illustrateur PieR Gajewski. L\u2019artiste contribuera \u00e0 un programme de recherche sur la protection des fonctions \u00e9cologiques sur la protection des fonctions \u00e9cologiques des sols, \u00ab La grande trame brune \u00bb, dirig\u00e9 par trois chercheurs appartenant \u00e0 l\u2019IRJI. Ce programme regroupe des chercheurs de diverses disciplines (droit, am\u00e9nagement, g\u00e9ographie, p\u00e9dologie, \u00e9cologie, arch\u00e9ologie, biologie\u2026) autour de la protection de la qualit\u00e9 des sols avec pour objectif de mettre \u00e0 jour les outils juridiques permettant une meilleure prise en consid\u00e9ration de leurs fonctions \u00e9cologiques.<\/p>\n\n\n\n<p><\/p>\n\n\n\n<h2 class=\"wp-block-heading\"><strong>PieR Gajewski<\/strong><\/h2>\n\n\n\n<p><img decoding=\"async\" src=\"https:\/\/culture.univ-tours.fr\/medias\/photo\/portraitpier-gajewski_1755608884377-jpg?ID_FICHE=561110\" alt=\"\"><\/p>\n\n\n\n<p><strong>PieR Gajewski est dessinateur, auteur de romans graphiques, illustrateur, graveur.<\/strong><br>Dipl\u00f4m\u00e9 de l\u2019EESI section BD (Angoul\u00eame), il est laur\u00e9at de plusieurs r\u00e9sidences d\u2019artistes : la Villa Kujoyama \u00e0 Kyoto, la Lingua Comica (Japon), la Maison des Auteurs, Manille, Pologne&#8230; Ses travaux ont \u00e9t\u00e9 expos\u00e9s au Centre Pompidou, \u00e0 La Cit\u00e9 de la BD, au Mus\u00e9e International du Manga de Kyoto, \u00e0 l\u2019Institut Fran\u00e7ais d\u2019Istanbul, aux USA, Cor\u00e9e du Sud, Maroc\u2026<\/p>\n\n\n\n<p>Pendant 15 ans, il a travaill\u00e9 sur LA VILLE BLEUE avec la photographe Carole Sionnet. Il r\u00e9alise souvent des auto-\u00e9ditions pour le plaisir de faire des livres. L\u2019art de PieR Gajewski explore les th\u00e8mes de l\u2019interconnexion, de l\u2019\u00e9cologie et de l\u2019urbanit\u00e9 \u00e0 travers des compositions personnelles et graphiques. Ses oeuvres interrogent les relations entre l\u2019homme, la technologie et la nature, en mettant en lumi\u00e8re l\u2019\u00e9quilibre fragile entre ces \u00e9l\u00e9ments. Il utilise la ligne et la forme pour cr\u00e9er des visions prospectives et po\u00e9tiques de l\u2019avenir.<\/p>\n\n\n\n<p>Son approche de l\u2019art invite \u00e0 une r\u00e9flexion sur l\u2019alt\u00e9rit\u00e9 et les nouvelles r\u00e9alit\u00e9s possibles, tout en \u00e9vitant les solutions binaires. Son style peut \u00eatre tr\u00e8s organique ou, au contraire, tr\u00e8s structur\u00e9, mais dans tous les cas, il cherche \u00e0 cr\u00e9er un dialogue constant entre la mat\u00e9rialit\u00e9 de l\u2019oeuvre et la perception de l\u2019observateur. En somme, son travail vise \u00e0 ouvrir de nouvelles perspectives sur le monde et le futur.<\/p>\n\n\n\n<p><em>Les r\u00e9sidences d&rsquo;artistes sont soutenues par&nbsp;la&nbsp;<a href=\"http:\/\/www.culture.gouv.fr\/Regions\/Drac-Centre-Val-de-Loire\">DRAC Centre Val-de-Loire<\/a>.&nbsp;<\/em><\/p>\n\n\n\n<figure class=\"wp-block-image\"><img decoding=\"async\" src=\"https:\/\/culture.univ-tours.fr\/medias\/photo\/2-pier-gajewski_1755609257035-jpg?ID_FICHE=561110\" alt=\"\"\/><\/figure>\n\n\n\n<blockquote class=\"wp-block-quote has-medium-font-size is-layout-flow wp-block-quote-is-layout-flow\">\n<p>\u00ab&nbsp;<em>R\u00e9v\u00e9ler le sol, c\u2019est aussi r\u00e9v\u00e9ler notre rapport au vivant, \u00e0 ce qui est enfoui, lent, discret et pourtant vital. Par le biais du dessin, je souhaite rendre compte de cette pr\u00e9sence silencieuse, tiss\u00e9e de micro r\u00e9cits et de connexions invisibles, avec une approche artistique \u00e0 la fois document\u00e9e, sensorielle et po\u00e9tique.<br>Le but serait de r\u00e9v\u00e9ler l\u2019invisible, en donnant un visage \u00e0 ce qui ne se voit pas : les interactions chimiques, les r\u00e9seaux myc\u00e9liens, les \u00eatres microscopiques, la lenteur g\u00e9ologique, les \u00e9changes secrets entre l\u2019eau, l\u2019air, la mati\u00e8re organique et min\u00e9rale.<br><br>Le dessin permet de rendre sensible ce qui \u00e9chappe au regard : je pourrais travailler \u00e0 la fois sur des planches document\u00e9es (inspir\u00e9es de l\u2019illustration scientifique) et des planches plus libres, m\u00e9taphoriques, proches du r\u00eave, afin de cr\u00e9er une tension fertile entre rigueur scientifique et \u00e9vocation po\u00e9tique.<\/em>&nbsp;\u00bb&nbsp;<strong>PieR Gajewski, extrait du dossier de candidature.<\/strong><\/p>\n<\/blockquote>\n\n\n\n<p><\/p>\n","protected":false},"excerpt":{"rendered":"<p>L&rsquo;actualit\u00e9 de la r\u00e9sidence d&rsquo;artiste peut \u00eatre suivie gr\u00e2ce au site du service culturel de l&rsquo;universit\u00e9 de Tours g\u00e9r\u00e9 par Madame C\u00e9cile Thomas : https:\/\/culture.univ-tours.fr\/residence-2025-2026 \u00c9v\u00e9nements r\u00e9cents et \u00e0 venir : 11 d\u00e9cembre 2205 : Soir\u00e9e de pr\u00e9sentation de la r\u00e9sidence d&rsquo;artiste 2025-2026, salle Th\u00e9l\u00e8me, site universitaire des Tanneurs, 15 octobre 2025 : Rencontre avec [&hellip;]<\/p>\n","protected":false},"author":1,"featured_media":0,"parent":0,"menu_order":0,"comment_status":"closed","ping_status":"closed","template":"","meta":{"_acf_changed":false,"footnotes":""},"class_list":["post-34","page","type-page","status-publish","hentry"],"acf":[],"_links":{"self":[{"href":"https:\/\/popsu-tramebrune.univ-tours.fr\/index.php\/wp-json\/wp\/v2\/pages\/34","targetHints":{"allow":["GET"]}}],"collection":[{"href":"https:\/\/popsu-tramebrune.univ-tours.fr\/index.php\/wp-json\/wp\/v2\/pages"}],"about":[{"href":"https:\/\/popsu-tramebrune.univ-tours.fr\/index.php\/wp-json\/wp\/v2\/types\/page"}],"author":[{"embeddable":true,"href":"https:\/\/popsu-tramebrune.univ-tours.fr\/index.php\/wp-json\/wp\/v2\/users\/1"}],"replies":[{"embeddable":true,"href":"https:\/\/popsu-tramebrune.univ-tours.fr\/index.php\/wp-json\/wp\/v2\/comments?post=34"}],"version-history":[{"count":4,"href":"https:\/\/popsu-tramebrune.univ-tours.fr\/index.php\/wp-json\/wp\/v2\/pages\/34\/revisions"}],"predecessor-version":[{"id":185,"href":"https:\/\/popsu-tramebrune.univ-tours.fr\/index.php\/wp-json\/wp\/v2\/pages\/34\/revisions\/185"}],"wp:attachment":[{"href":"https:\/\/popsu-tramebrune.univ-tours.fr\/index.php\/wp-json\/wp\/v2\/media?parent=34"}],"curies":[{"name":"wp","href":"https:\/\/api.w.org\/{rel}","templated":true}]}}