{"id":32,"date":"2024-06-06T12:40:58","date_gmt":"2024-06-06T10:40:58","guid":{"rendered":"https:\/\/popsu-tramebrune.univ-tours.fr\/?page_id=32"},"modified":"2025-12-19T21:14:07","modified_gmt":"2025-12-19T20:14:07","slug":"publications","status":"publish","type":"page","link":"https:\/\/popsu-tramebrune.univ-tours.fr\/index.php\/publications\/","title":{"rendered":"Publications et communications scientifiques"},"content":{"rendered":"\n<div class=\"wp-block-media-text is-stacked-on-mobile\"><figure class=\"wp-block-media-text__media\"><img loading=\"lazy\" decoding=\"async\" width=\"724\" height=\"1024\" src=\"https:\/\/popsu-tramebrune.univ-tours.fr\/wp-content\/uploads\/2025\/11\/957-640-PB_page1-724x1024.jpg\" alt=\"\" class=\"wp-image-206 size-full\" srcset=\"https:\/\/popsu-tramebrune.univ-tours.fr\/wp-content\/uploads\/2025\/11\/957-640-PB_page1-724x1024.jpg 724w, https:\/\/popsu-tramebrune.univ-tours.fr\/wp-content\/uploads\/2025\/11\/957-640-PB_page1-212x300.jpg 212w, https:\/\/popsu-tramebrune.univ-tours.fr\/wp-content\/uploads\/2025\/11\/957-640-PB_page1-768x1086.jpg 768w, https:\/\/popsu-tramebrune.univ-tours.fr\/wp-content\/uploads\/2025\/11\/957-640-PB_page1-1087x1536.jpg 1087w, https:\/\/popsu-tramebrune.univ-tours.fr\/wp-content\/uploads\/2025\/11\/957-640-PB_page1.jpg 1240w\" sizes=\"auto, (max-width: 724px) 100vw, 724px\" \/><\/figure><div class=\"wp-block-media-text__content\">\n<p>Article de Corinne Manson et Tommy Leroux, \u00ab&nbsp;De la lutte contre l\u2019\u00e9talement urbain \u00e0 la protection qualitative des sols \u00bb <em>RevCEDOUA (Universidad de Coimbra, Portugal<\/em>) 2025, n\u00b051 \u00ab\u00a0<em>Urbanizar o solo r\u00fastico ou renaturalizar o espa\u00e7o urbano?<\/em>\u00a0\u00bb librement accessible : <a href=\"https:\/\/doi.org\/10.14195\/2182-2387_51_6\">https:\/\/doi.org\/10.14195\/2182-2387_51_6<\/a><\/p>\n\n\n\n<p>Revue internationale avec relecture par les pairs en double aveugle. Article complet librement accessible en ligne sur les archives de science ouverte Zenodo et HAL et diffus\u00e9 sous la licence CC-BY<\/p>\n\n\n\n<p><a href=\"https:\/\/zenodo.org\/records\/17679570\">https:\/\/zenodo.org\/records\/17679570<\/a><\/p>\n\n\n\n<p><a href=\"https:\/\/hal.science\/hal-05373322v1\">https:\/\/hal.science\/hal-05373322v1<\/a><\/p>\n<\/div><\/div>\n\n\n\n<div class=\"wp-block-media-text is-stacked-on-mobile\"><figure class=\"wp-block-media-text__media\"><img loading=\"lazy\" decoding=\"async\" width=\"724\" height=\"1024\" src=\"https:\/\/popsu-tramebrune.univ-tours.fr\/wp-content\/uploads\/2025\/11\/Livret-colloque-21-mars-2025_page01-1-724x1024.jpg\" alt=\"\" class=\"wp-image-199 size-full\" srcset=\"https:\/\/popsu-tramebrune.univ-tours.fr\/wp-content\/uploads\/2025\/11\/Livret-colloque-21-mars-2025_page01-1-724x1024.jpg 724w, https:\/\/popsu-tramebrune.univ-tours.fr\/wp-content\/uploads\/2025\/11\/Livret-colloque-21-mars-2025_page01-1-212x300.jpg 212w, https:\/\/popsu-tramebrune.univ-tours.fr\/wp-content\/uploads\/2025\/11\/Livret-colloque-21-mars-2025_page01-1-768x1086.jpg 768w, https:\/\/popsu-tramebrune.univ-tours.fr\/wp-content\/uploads\/2025\/11\/Livret-colloque-21-mars-2025_page01-1-1086x1536.jpg 1086w, https:\/\/popsu-tramebrune.univ-tours.fr\/wp-content\/uploads\/2025\/11\/Livret-colloque-21-mars-2025_page01-1-1448x2048.jpg 1448w, https:\/\/popsu-tramebrune.univ-tours.fr\/wp-content\/uploads\/2025\/11\/Livret-colloque-21-mars-2025_page01-1-scaled.jpg 1810w\" sizes=\"auto, (max-width: 724px) 100vw, 724px\" \/><\/figure><div class=\"wp-block-media-text__content\">\n<p>Contribution de Tommy Leroux sur \u00ab&nbsp;Les attentes divergentes concernant la l\u00e9gistique en droit : Illustration empirique par le droit de l\u2019urbanisme&nbsp;\u00bb au colloque interdisciplinaire&nbsp;<em>La notion de l\u00e9gistique en question(s) : Approches combin\u00e9es en droit, \u00e9conomie et sciences de gestion<\/em>, \u00c9cole normale sup\u00e9rieure de Rennes (ENS Rennes \u2013 Universit\u00e9 de Rennes) <a href=\"https:\/\/hal.science\/hal-05124427v1\">https:\/\/hal.science\/hal-05124427v1<\/a><\/p>\n\n\n\n<p><a href=\"https:\/\/www.ens-rennes.fr\/actualites\/colloque-dem-legistique-2025\">Captation vid\u00e9o int\u00e9grale du colloque (ens-rennes.fr)<\/a><\/p>\n\n\n\n<p>\u00c0 para\u00eetre dans la revue <em>Droit, Economie et Management, <\/em>de l&rsquo;ENS Rennes<\/p>\n<\/div><\/div>\n\n\n\n<div class=\"wp-block-media-text is-stacked-on-mobile\"><figure class=\"wp-block-media-text__media\"><img loading=\"lazy\" decoding=\"async\" width=\"724\" height=\"1024\" src=\"https:\/\/popsu-tramebrune.univ-tours.fr\/wp-content\/uploads\/2025\/12\/panorama-coefficient-biotope-dans-les-PLU-POPSU-TOURS-TL_page001-724x1024.jpg\" alt=\"\" class=\"wp-image-214 size-full\" srcset=\"https:\/\/popsu-tramebrune.univ-tours.fr\/wp-content\/uploads\/2025\/12\/panorama-coefficient-biotope-dans-les-PLU-POPSU-TOURS-TL_page001-724x1024.jpg 724w, https:\/\/popsu-tramebrune.univ-tours.fr\/wp-content\/uploads\/2025\/12\/panorama-coefficient-biotope-dans-les-PLU-POPSU-TOURS-TL_page001-212x300.jpg 212w, https:\/\/popsu-tramebrune.univ-tours.fr\/wp-content\/uploads\/2025\/12\/panorama-coefficient-biotope-dans-les-PLU-POPSU-TOURS-TL_page001-768x1086.jpg 768w, https:\/\/popsu-tramebrune.univ-tours.fr\/wp-content\/uploads\/2025\/12\/panorama-coefficient-biotope-dans-les-PLU-POPSU-TOURS-TL_page001-1086x1536.jpg 1086w, https:\/\/popsu-tramebrune.univ-tours.fr\/wp-content\/uploads\/2025\/12\/panorama-coefficient-biotope-dans-les-PLU-POPSU-TOURS-TL_page001.jpg 1240w\" sizes=\"auto, (max-width: 724px) 100vw, 724px\" \/><\/figure><div class=\"wp-block-media-text__content\">\n<p>Rapport technique de Tommy Leroux, <em>Panorama des coefficients de biotope dans les r\u00e8glements \u00e9crits des PLU<\/em>, avril-mai 2024.<\/p>\n\n\n\n<p>Le contenu de ce rapport a fait l&rsquo;objet d&rsquo;\u00e9tudes scientifiques analytiques lors du s\u00e9minaire POPSU <em>Les principes du droit de l\u2019urbanisme et la multifonctionnalit\u00e9 des sols<\/em> du 21 juin 2024 et du colloque <em>La notion de l\u00e9gistique en question(s) : Approches combin\u00e9es en droit, \u00e9conomie et sciences de gestion<\/em> de l&rsquo;ENS Rennes du 21 mars 2025.<\/p>\n\n\n\n<p>Accessible librement sur l&rsquo;archive de science ouverte Zenodo et diffus\u00e9 sous la licence CC-BY<\/p>\n\n\n\n<p><a href=\"https:\/\/doi.org\/10.5281\/zenodo.17682718\">https:\/\/doi.org\/10.5281\/zenodo.17682718<\/a><\/p>\n<\/div><\/div>\n\n\n\n<div class=\"wp-block-media-text is-stacked-on-mobile\"><figure class=\"wp-block-media-text__media\"><img loading=\"lazy\" decoding=\"async\" width=\"300\" height=\"109\" src=\"https:\/\/popsu-tramebrune.univ-tours.fr\/wp-content\/uploads\/2025\/11\/logo-atu-22-couleurs-fond_blanc-300x109-2.png\" alt=\"\" class=\"wp-image-196 size-full\"\/><\/figure><div class=\"wp-block-media-text__content\">\n<p><em>Workshop<\/em>&nbsp;organis\u00e9 par le POPSU Transitions de Tours 12 d\u00e9cembre 2024, Agence Tourangelle d\u2019urbanisme. Programme :&nbsp;<\/p>\n\n\n\n<p>\u00c9mergence des enjeux et des objectifs pour une potentielle Trame brune sur le territoire de Tours M\u00e9tropole<\/p>\n\n\n\n<p>Aude Talon : Actualit\u00e9 du PLU-M de Tours M\u00e9tropole <\/p>\n\n\n\n<p>Corinne Manson, Damien Thierry, Camille Dreveau, Tommy Leroux : Actualit\u00e9 des contraintes juridiques et des contentieux en cours devant les tribunaux concernant les plans locaux d&rsquo;urbanisme m\u00e9tropolitains.<\/p>\n\n\n\n<p>Patrick Le Gou\u00e9e, g\u00e9ographe-p\u00e9dologue de l&rsquo;universit\u00e9 de Caen Normandie : Pr\u00e9sentation de son rapport&nbsp;<a href=\"https:\/\/www.normandie-artificialisation.fr\/caracterisation-des-sols-de-la-metropole-de-rouen-a148.html\"><em>Les sols de la M\u00e9tropole de Rouen<\/em>&nbsp;(normandie-artificialisation.fr)<\/a><\/p>\n\n\n\n<p>Pr\u00e9sentation par l&rsquo;ATU des donn\u00e9es fonci\u00e8res locales existantes et potentielles. Pr\u00e9sentation de l&rsquo;OSC GE<\/p>\n<\/div><\/div>\n\n\n\n<div class=\"wp-block-media-text is-stacked-on-mobile\"><figure class=\"wp-block-media-text__media\"><img loading=\"lazy\" decoding=\"async\" width=\"648\" height=\"962\" src=\"https:\/\/popsu-tramebrune.univ-tours.fr\/wp-content\/uploads\/2025\/11\/image-1-1.png\" alt=\"\" class=\"wp-image-195 size-full\" srcset=\"https:\/\/popsu-tramebrune.univ-tours.fr\/wp-content\/uploads\/2025\/11\/image-1-1.png 648w, https:\/\/popsu-tramebrune.univ-tours.fr\/wp-content\/uploads\/2025\/11\/image-1-1-202x300.png 202w\" sizes=\"auto, (max-width: 648px) 100vw, 648px\" \/><\/figure><div class=\"wp-block-media-text__content\">\n<p>Article de Camille Dreveau et Corinne Manson \u00ab&nbsp;Vers un v\u00e9ritable droit des sols&nbsp;\u00bb dans le num\u00e9ro hors-s\u00e9rie du journal Le Un&nbsp;<em>Sous nos pieds la terre.<\/em>(suppl\u00e9ment au num\u00e9ro du 25 septembre 2024)<\/p>\n<\/div><\/div>\n\n\n\n<div class=\"wp-block-media-text is-stacked-on-mobile\"><figure class=\"wp-block-media-text__media\"><img loading=\"lazy\" decoding=\"async\" width=\"449\" height=\"635\" src=\"https:\/\/popsu-tramebrune.univ-tours.fr\/wp-content\/uploads\/2024\/06\/affiche-seminiaire-POPSU-Transitions-Tours-21-juin-2024.png\" alt=\"\" class=\"wp-image-97 size-full\" srcset=\"https:\/\/popsu-tramebrune.univ-tours.fr\/wp-content\/uploads\/2024\/06\/affiche-seminiaire-POPSU-Transitions-Tours-21-juin-2024.png 449w, https:\/\/popsu-tramebrune.univ-tours.fr\/wp-content\/uploads\/2024\/06\/affiche-seminiaire-POPSU-Transitions-Tours-21-juin-2024-212x300.png 212w\" sizes=\"auto, (max-width: 449px) 100vw, 449px\" \/><\/figure><div class=\"wp-block-media-text__content\">\n<p>S\u00e9minaire du 21 juin 2024 sur&nbsp;<em>Les principes du droit de l\u2019urbanisme et la multifonctionnalit\u00e9 des sols<\/em>. Programme complet :&nbsp;<a href=\"https:\/\/popsu-tramebrune.univ-tours.fr\/index.php\/seminaires\/\">S\u00e9minaires \u2013 POPSU Tramebrune (univ-tours.fr)<\/a><\/p>\n<\/div><\/div>\n\n\n\n<div class=\"wp-block-media-text is-stacked-on-mobile\"><figure class=\"wp-block-media-text__media\"><img loading=\"lazy\" decoding=\"async\" width=\"724\" height=\"1024\" src=\"https:\/\/popsu-tramebrune.univ-tours.fr\/wp-content\/uploads\/2025\/11\/2024-05-30_ICREJ_Colq_Le-lotissement-a-lheure-de-la-sobriete-fonciere_web_page1-724x1024.jpg\" alt=\"\" class=\"wp-image-186 size-full\" srcset=\"https:\/\/popsu-tramebrune.univ-tours.fr\/wp-content\/uploads\/2025\/11\/2024-05-30_ICREJ_Colq_Le-lotissement-a-lheure-de-la-sobriete-fonciere_web_page1-724x1024.jpg 724w, https:\/\/popsu-tramebrune.univ-tours.fr\/wp-content\/uploads\/2025\/11\/2024-05-30_ICREJ_Colq_Le-lotissement-a-lheure-de-la-sobriete-fonciere_web_page1-212x300.jpg 212w, https:\/\/popsu-tramebrune.univ-tours.fr\/wp-content\/uploads\/2025\/11\/2024-05-30_ICREJ_Colq_Le-lotissement-a-lheure-de-la-sobriete-fonciere_web_page1-768x1086.jpg 768w, https:\/\/popsu-tramebrune.univ-tours.fr\/wp-content\/uploads\/2025\/11\/2024-05-30_ICREJ_Colq_Le-lotissement-a-lheure-de-la-sobriete-fonciere_web_page1-1087x1536.jpg 1087w, https:\/\/popsu-tramebrune.univ-tours.fr\/wp-content\/uploads\/2025\/11\/2024-05-30_ICREJ_Colq_Le-lotissement-a-lheure-de-la-sobriete-fonciere_web_page1.jpg 1240w\" sizes=\"auto, (max-width: 724px) 100vw, 724px\" \/><\/figure><div class=\"wp-block-media-text__content\">\n<p>Contribution de Camille Dreveau \u00e0 la table ronde \u00ab&nbsp;Biodiversit\u00e9 \/ Place des jardins&nbsp;\u00bb au colloque interdisciplinaire&nbsp;<em>Le lotissement \u00e0 l\u2019heure de la sobri\u00e9t\u00e9 fonci\u00e8re<\/em>, Universit\u00e9 de Caen et Gridauh, 31 mai 2024 :&nbsp;<a href=\"https:\/\/www.unicaen.fr\/wp-content\/uploads\/2023\/12\/2024-05-30_ICREJ_Colq_Le-lotissement-a-lheure-de-la-sobriete-fonciere.pdf\">Programme (unicaen.fr)<\/a><\/p>\n<\/div><\/div>\n\n\n\n<div class=\"wp-block-media-text is-stacked-on-mobile\"><figure class=\"wp-block-media-text__media\"><img loading=\"lazy\" decoding=\"async\" width=\"1024\" height=\"659\" src=\"https:\/\/popsu-tramebrune.univ-tours.fr\/wp-content\/uploads\/2025\/11\/formats_bandeauweb-page002-1-1024x659.png\" alt=\"\" class=\"wp-image-194 size-full\" srcset=\"https:\/\/popsu-tramebrune.univ-tours.fr\/wp-content\/uploads\/2025\/11\/formats_bandeauweb-page002-1-1024x659.png 1024w, https:\/\/popsu-tramebrune.univ-tours.fr\/wp-content\/uploads\/2025\/11\/formats_bandeauweb-page002-1-300x193.png 300w, https:\/\/popsu-tramebrune.univ-tours.fr\/wp-content\/uploads\/2025\/11\/formats_bandeauweb-page002-1-768x495.png 768w, https:\/\/popsu-tramebrune.univ-tours.fr\/wp-content\/uploads\/2025\/11\/formats_bandeauweb-page002-1.png 1118w\" sizes=\"auto, (max-width: 1024px) 100vw, 1024px\" \/><\/figure><div class=\"wp-block-media-text__content\">\n<p>Pr\u00e9sence de Franck Charnass\u00e9 et Aude Talon au Campus POPSU en ao\u00fbt 2024 \u00e0 Cherbourg.<\/p>\n<\/div><\/div>\n\n\n\n<p><\/p>\n\n\n\n<p><\/p>\n\n\n\n<p><\/p>\n","protected":false},"excerpt":{"rendered":"<p>Article de Corinne Manson et Tommy Leroux, \u00ab&nbsp;De la lutte contre l\u2019\u00e9talement urbain \u00e0 la protection qualitative des sols \u00bb RevCEDOUA (Universidad de Coimbra, Portugal) 2025, n\u00b051 \u00ab\u00a0Urbanizar o solo r\u00fastico ou renaturalizar o espa\u00e7o urbano?\u00a0\u00bb librement accessible : https:\/\/doi.org\/10.14195\/2182-2387_51_6 Revue internationale avec relecture par les pairs en double aveugle. Article complet librement accessible en [&hellip;]<\/p>\n","protected":false},"author":1,"featured_media":0,"parent":0,"menu_order":0,"comment_status":"closed","ping_status":"closed","template":"","meta":{"_acf_changed":false,"footnotes":""},"class_list":["post-32","page","type-page","status-publish","hentry"],"acf":[],"_links":{"self":[{"href":"https:\/\/popsu-tramebrune.univ-tours.fr\/index.php\/wp-json\/wp\/v2\/pages\/32","targetHints":{"allow":["GET"]}}],"collection":[{"href":"https:\/\/popsu-tramebrune.univ-tours.fr\/index.php\/wp-json\/wp\/v2\/pages"}],"about":[{"href":"https:\/\/popsu-tramebrune.univ-tours.fr\/index.php\/wp-json\/wp\/v2\/types\/page"}],"author":[{"embeddable":true,"href":"https:\/\/popsu-tramebrune.univ-tours.fr\/index.php\/wp-json\/wp\/v2\/users\/1"}],"replies":[{"embeddable":true,"href":"https:\/\/popsu-tramebrune.univ-tours.fr\/index.php\/wp-json\/wp\/v2\/comments?post=32"}],"version-history":[{"count":14,"href":"https:\/\/popsu-tramebrune.univ-tours.fr\/index.php\/wp-json\/wp\/v2\/pages\/32\/revisions"}],"predecessor-version":[{"id":218,"href":"https:\/\/popsu-tramebrune.univ-tours.fr\/index.php\/wp-json\/wp\/v2\/pages\/32\/revisions\/218"}],"wp:attachment":[{"href":"https:\/\/popsu-tramebrune.univ-tours.fr\/index.php\/wp-json\/wp\/v2\/media?parent=32"}],"curies":[{"name":"wp","href":"https:\/\/api.w.org\/{rel}","templated":true}]}}