{"id":30,"date":"2024-06-06T12:40:32","date_gmt":"2024-06-06T10:40:32","guid":{"rendered":"https:\/\/popsu-tramebrune.univ-tours.fr\/?page_id=30"},"modified":"2024-10-18T14:26:18","modified_gmt":"2024-10-18T12:26:18","slug":"travaux-detudiants","status":"publish","type":"page","link":"https:\/\/popsu-tramebrune.univ-tours.fr\/index.php\/travaux-detudiants\/","title":{"rendered":"Travaux d&rsquo;\u00e9tudiants"},"content":{"rendered":"\n<h2 class=\"wp-block-heading\"><em>Le retrait-gonflement des argiles : un enjeu pour le PLUm<\/em><\/h2>\n\n\n\n<p>R\u00e9glementant l\u2019utilisation des sols, notamment la localisation, la desserte, l\u2019implantation et l\u2019architecture des constructions, le PLUm a un r\u00f4le \u00e0 jouer pour faire de la M\u00e9tropole un territoire r\u00e9silient et s\u2019adaptant aux risques et \u00e0 l\u2019urgence climatique. Sa partition peut m\u00eame int\u00e9grer le risque que repr\u00e9sente le retrait-gonflement des argiles (RGA)\u2026 non sans quelques difficult\u00e9s. En effet, le RGA reste un ph\u00e9nom\u00e8ne peu connu\u00a0; \u00e0 la pr\u00e9vention, r\u00e9paration et indemnisation complexes et touchant aux limites traditionnelles du contenu des plans locaux d\u2019urbanisme.<\/p>\n\n\n\n<p>D\u00e9sireuse d\u2019int\u00e9grer le risque RGA dans son PLUm ; de pr\u00e9venir au maximum ses manifestations futures, ou du moins d\u2019\u0153uvrer \u00e0 ce que l\u2019urbanisme ne vienne pas l\u2019amplifier et l\u2019int\u00e8gre dans ses mani\u00e8res de faire ; d\u00e9sireuse d\u2019associer les acteurs du territoire, la M\u00e9tropole a fait appel aux 18 \u00e9tudiants du Master 2 Environnement Territoire Paysage de l\u2019Universit\u00e9 de Tours. Sous la direction de leurs professeurs F. Chouraqui, A. Guette, I. La Jeunesse, D. Thierry, ils ont men\u00e9 \u00e0 bien un projet tutor\u00e9 pour r\u00e9fl\u00e9chir \u00e0 cette int\u00e9gration.<\/p>\n\n\n\n<p>Plus d&rsquo;informations : <a href=\"https:\/\/www.tours-metropole.fr\/actualites\/le-retrait-gonflement-des-argiles-un-enjeu-pour-le-plum\">https:\/\/www.tours-metropole.fr\/actualites\/le-retrait-gonflement-des-argiles-un-enjeu-pour-le-plum<\/a><\/p>\n","protected":false},"excerpt":{"rendered":"<p>Le retrait-gonflement des argiles : un enjeu pour le PLUm R\u00e9glementant l\u2019utilisation des sols, notamment la localisation, la desserte, l\u2019implantation et l\u2019architecture des constructions, le PLUm a un r\u00f4le \u00e0 jouer pour faire de la M\u00e9tropole un territoire r\u00e9silient et s\u2019adaptant aux risques et \u00e0 l\u2019urgence climatique. Sa partition peut m\u00eame int\u00e9grer le risque que [&hellip;]<\/p>\n","protected":false},"author":1,"featured_media":0,"parent":0,"menu_order":0,"comment_status":"closed","ping_status":"closed","template":"","meta":{"_acf_changed":false,"footnotes":""},"class_list":["post-30","page","type-page","status-publish","hentry"],"acf":[],"_links":{"self":[{"href":"https:\/\/popsu-tramebrune.univ-tours.fr\/index.php\/wp-json\/wp\/v2\/pages\/30","targetHints":{"allow":["GET"]}}],"collection":[{"href":"https:\/\/popsu-tramebrune.univ-tours.fr\/index.php\/wp-json\/wp\/v2\/pages"}],"about":[{"href":"https:\/\/popsu-tramebrune.univ-tours.fr\/index.php\/wp-json\/wp\/v2\/types\/page"}],"author":[{"embeddable":true,"href":"https:\/\/popsu-tramebrune.univ-tours.fr\/index.php\/wp-json\/wp\/v2\/users\/1"}],"replies":[{"embeddable":true,"href":"https:\/\/popsu-tramebrune.univ-tours.fr\/index.php\/wp-json\/wp\/v2\/comments?post=30"}],"version-history":[{"count":4,"href":"https:\/\/popsu-tramebrune.univ-tours.fr\/index.php\/wp-json\/wp\/v2\/pages\/30\/revisions"}],"predecessor-version":[{"id":148,"href":"https:\/\/popsu-tramebrune.univ-tours.fr\/index.php\/wp-json\/wp\/v2\/pages\/30\/revisions\/148"}],"wp:attachment":[{"href":"https:\/\/popsu-tramebrune.univ-tours.fr\/index.php\/wp-json\/wp\/v2\/media?parent=30"}],"curies":[{"name":"wp","href":"https:\/\/api.w.org\/{rel}","templated":true}]}}