{"id":18,"date":"2024-06-06T12:34:08","date_gmt":"2024-06-06T10:34:08","guid":{"rendered":"https:\/\/popsu-tramebrune.univ-tours.fr\/?page_id=18"},"modified":"2024-10-10T15:49:28","modified_gmt":"2024-10-10T13:49:28","slug":"seminaires","status":"publish","type":"page","link":"https:\/\/popsu-tramebrune.univ-tours.fr\/index.php\/seminaires\/","title":{"rendered":"S\u00e9minaires"},"content":{"rendered":"\n<h1 class=\"wp-block-heading\">1er s\u00e9minaire 13 novembre 2023 <\/h1>\n\n\n\n<h2 class=\"wp-block-heading\"><em>S\u00e9minaire d&rsquo;orientation de la Plateforme POPSU de Tours, La Grande Trame Brune<\/em><\/h2>\n\n\n\n<figure class=\"wp-block-image aligncenter size-full\"><img loading=\"lazy\" decoding=\"async\" width=\"393\" height=\"556\" src=\"https:\/\/popsu-tramebrune.univ-tours.fr\/wp-content\/uploads\/2024\/10\/affiche-seminiaire-orientation-POPSU-Transitions-Tours.png\" alt=\"\" class=\"wp-image-91\" srcset=\"https:\/\/popsu-tramebrune.univ-tours.fr\/wp-content\/uploads\/2024\/10\/affiche-seminiaire-orientation-POPSU-Transitions-Tours.png 393w, https:\/\/popsu-tramebrune.univ-tours.fr\/wp-content\/uploads\/2024\/10\/affiche-seminiaire-orientation-POPSU-Transitions-Tours-212x300.png 212w\" sizes=\"auto, (max-width: 393px) 100vw, 393px\" \/><\/figure>\n\n\n\n<p><strong>14h30<\/strong> : Ouverture<\/p>\n\n\n\n<p><strong>Christian Gatard<\/strong>, vice-pr\u00e9sident, d\u00e9l\u00e9gu\u00e9 aux finances et \u00e0 l\u2019urbanisme, Maire de Chambray-l\u00e8s-Tours<br><strong>H\u00e9l\u00e8ne Peskine<\/strong>, secr\u00e9taire permanente du Plan urbanisme construction<br>architecture, pr\u00e9sidente du Groupement d\u2019int\u00e9r\u00eat public l\u2019Europe des projets architecturaux et urbains<\/p>\n\n\n\n<p><strong>14h45 :<\/strong> POPSU Transitions, un programme de recherche-action pour documenter et accompagner ls politiques territoriales de transition. <\/p>\n\n\n\n<p><br><strong>Marie-Christine Jaillet<\/strong>, responsable scientifique nationale de POPSU Transitions<\/p>\n\n\n\n<p><strong>15h00<\/strong> Le PLUi de Tours M\u00e9tropole Val de Loire, outil d&rsquo;une planification durable du territoire m\u00e9tropolitain<br><strong><br>Franck Charnass\u00e9<\/strong>, directeur G\u00e9n\u00e9ral Adjoint de l\u2019Am\u00e9nagement Durable du<br>Territoire, Tours M\u00e9tropole Val de Loire<br><strong>Aude Talon<\/strong>, directrice de l\u2019am\u00e9nagement, de l\u2019urbanisme et du foncier, Tours<br>M\u00e9tropole Val de Loire<\/p>\n\n\n\n<p>15h15 Le projet de recherche POPSU Transitions dans la M\u00e9tropole Tours Val de Loire<br><br><strong>Camille Dreveau<\/strong>, ma\u00eetresse de conf\u00e9rences en droit priv\u00e9, Universit\u00e9 de<br>Tours<br><strong>Corinne Manson<\/strong>, professeure de droit public, Universit\u00e9 de Tours<br><strong>Damien Thierry<\/strong>, ma\u00eetre de conf\u00e9rences en droit public, Universit\u00e9 de Tours<\/p>\n\n\n\n<p><strong>16h00 :<\/strong> \u00c9changes avec la salle<br><br><strong>16H30 :<\/strong> Conduite de la recherche<br><\/p>\n\n\n\n<h1 class=\"wp-block-heading\">2e s\u00e9minaire 21 juin 2024 <\/h1>\n\n\n\n<h2 class=\"wp-block-heading\"><em>Les principes du droit de l&rsquo;urbanisme et la multifonctionnalit\u00e9 des sols<\/em><\/h2>\n\n\n\n<figure class=\"wp-block-image aligncenter size-full\"><img loading=\"lazy\" decoding=\"async\" width=\"449\" height=\"635\" src=\"https:\/\/popsu-tramebrune.univ-tours.fr\/wp-content\/uploads\/2024\/10\/affiche-seminiaire-POPSU-Transitions-Tours-21-juin-2024.png\" alt=\"\" class=\"wp-image-92\" srcset=\"https:\/\/popsu-tramebrune.univ-tours.fr\/wp-content\/uploads\/2024\/10\/affiche-seminiaire-POPSU-Transitions-Tours-21-juin-2024.png 449w, https:\/\/popsu-tramebrune.univ-tours.fr\/wp-content\/uploads\/2024\/10\/affiche-seminiaire-POPSU-Transitions-Tours-21-juin-2024-212x300.png 212w\" sizes=\"auto, (max-width: 449px) 100vw, 449px\" \/><\/figure>\n\n\n\n<p>Salle du Conseil, Facult\u00e9 de Droit, Economie et des Sciences Sociales, 50 avenue Jean Portalis 37 200 TOURS.<\/p>\n\n\n\n<p><strong>9h-9h30 : <\/strong>ouverture du s\u00e9minaire. Mot d&rsquo;accueil des organisateurs.<\/p>\n\n\n\n<h3 class=\"wp-block-heading has-text-align-center\"><em>Matin\u00e9e<\/em><\/h3>\n\n\n\n<h4 class=\"wp-block-heading\">1\/ Pr\u00e9sentation scientifique de la multifonctionnalit\u00e9 des sols<\/h4>\n\n\n\n<p><strong>9h30-9h45 : <\/strong>Pr\u00e9sentation de la notion de multifonctionnalit\u00e9 des sols. <\/p>\n\n\n\n<p><strong>S\u00e9bastien Salvador-Blan\u00e8s<\/strong>, Ma\u00eetre de conf\u00e9rences, P\u00e9dologie, Universit\u00e9 de Tours. <\/p>\n\n\n\n<p><strong>9h45-10h :<\/strong> La multifonctionnalit\u00e9 sociale et spaciale des sols<\/p>\n\n\n\n<p><strong>Jos\u00e9 Serrano<\/strong>, Professeur, Am\u00e9nagement de l&rsquo;espace et urbanisme, Universit\u00e9 de Tours<\/p>\n\n\n\n<p><strong>10h-10h15 : <\/strong>La multifonctionnalit\u00e9 des sols dans les normes juridiques<\/p>\n\n\n\n<p><strong>Damien Thierry<\/strong>, Maitre de conf\u00e9rences HDR, Droit public, Universit\u00e9 de Torus<\/p>\n\n\n\n<p><strong>10h-10h45 : <\/strong>Temps d&rsquo;\u00e9change avec le public<\/p>\n\n\n\n<p><strong>10h45-11h :<\/strong> Pause<\/p>\n\n\n\n<h4 class=\"wp-block-heading\">2\/ Pr\u00e9sentation des outils du droit de l&rsquo;urbanisme en lien avec la multifonctionnalit\u00e9 des sols<\/h4>\n\n\n\n<p><strong>11h00-11h20 :<\/strong> L&rsquo;objectif \u00ab\u00a0Z\u00e9ro artificialisation nette\u00a0\u00bb (ZAN) et la protection des sols<\/p>\n\n\n\n<p><strong>Maylis Desrousseaux<\/strong>, Ma\u00eetre de conf\u00e9rences, Droit public, Ecole d&rsquo;Urbanisme de Paris<\/p>\n\n\n\n<p><strong>11h20-11h30 : <\/strong>Quelles dispositions du PLU au service de la qualit\u00e9 des sols ?<\/p>\n\n\n\n<p><strong>Corinne Manson<\/strong>, Professeure, Droit public, Universit\u00e9 de Tours<\/p>\n\n\n\n<p><strong>11h30-12h : <\/strong>Temps d&rsquo;\u00e9change avec le public<\/p>\n\n\n\n<p><strong>12h00-12h15 : <\/strong>Conclusion de la matin\u00e9e<\/p>\n\n\n\n<p><strong>Christian Gatard<\/strong>, Vice-Pr\u00e9sident d\u00e9l\u00e9gu\u00e9 \u00e0 l&rsquo;urbanisme de Tours M\u00e9tropole Val de Loire<\/p>\n\n\n\n<p>12h15-13h30 : Pause d\u00e9jeuner<\/p>\n\n\n\n<h3 class=\"wp-block-heading has-text-align-center\"><em>Apr\u00e8s-midi<\/em><\/h3>\n\n\n\n<h4 class=\"wp-block-heading\">Focus sur deux outils juridiques du droit de l&rsquo;urbanisme mobilisable<\/h4>\n\n\n\n<p><strong>13h30-15h00 : <\/strong><\/p>\n\n\n\n<h4 class=\"wp-block-heading\">Table ronde 1 : les coefficients de biotope et les coefficients de pleine terre<\/h4>\n\n\n\n<p>Anim\u00e9e par <strong>Alexandra Cocqui\u00e8re<\/strong>, Juriste, Mission Planification, L&rsquo;Institut Paris R\u00e9gion<\/p>\n\n\n\n<p>Pr\u00e9sentation du PLUi d&rsquo;Orl\u00e9ans M\u00e9tropole ayant mis en place des coefficients de pleine terre par <strong>Jane Passarieu<\/strong>, Responsable du service Prospective et Planification Urbaine, Orl\u00e9ans M\u00e9tropole<\/p>\n\n\n\n<p>Panorama des coefficients de biotope dans les PLU en vigueur, par <strong>Tommy Leroux<\/strong> doctorant en droit, Universit\u00e9 de Tours.<\/p>\n\n\n\n<p>Participants : <strong>Gr\u00e9goire Bruzulier<\/strong>, Directeur du CAUE 41 ; <strong>Arnold Landais<\/strong>, Pilote de l&rsquo;atelier des Territoires, \u00ab\u00a0Mieux am\u00e9nager avec les sols vivants\u00a0\u00bb (DDT 37), Responsable strat\u00e9gie et prospective territoriale, TOPOS, Agence d&rsquo;urbanisme des territoires de l&rsquo;Orl\u00e9anais ; <strong>Jo\u00ebl Moulin<\/strong>, P\u00e9dologue. <\/p>\n\n\n\n<p><strong>15h-16h30 : <\/strong><\/p>\n\n\n\n<h4 class=\"wp-block-heading\">Table ronde 2 : La trame brune, compar\u00e9e aux autres trames<\/h4>\n\n\n\n<p>Anim\u00e9e par <strong>Mathieu Bonnefond<\/strong>, Ma\u00eetre de conf\u00e9rences, Am\u00e9nagement et G\u00e9ographie, Ecole Sup\u00e9rieure des G\u00e9om\u00e8tres et Topographes, Conservatoire National des Arts et M\u00e9tiers.<\/p>\n\n\n\n<p>Pr\u00e9sentation du projet de mise en place d&rsquo;une trame brune dans le cadre de l&rsquo;\u00e9laboration du PLU de Chambourg-sur-Indre, par <strong>Guillaume Gagnier<\/strong>, Urbanisme au ADAC\/CAUE 37 et <strong>Mathilde Fazakerley<\/strong>, Paysagiste au ADAC\/CAUE 37.<\/p>\n\n\n\n<p>Participants : <strong>Fr\u00e9d\u00e9ric Vaillant<\/strong>, Maire de Chambourg-sur-Indre ; <strong>Gr\u00e9goire Bruzulier<\/strong>, Directeur du CAUE 41 ; <strong>Arnold Landais<\/strong>, Pilote de l&rsquo;atelier des Territoires \u00ab\u00a0Mieux am\u00e9nager avec les sols vivants\u00a0\u00bb (DDT 37), Responsable strat\u00e9gie et prospective territoriale, TOPOS, Agence d&rsquo;urbanisme des territoires de l&rsquo;Orl\u00e9anais ; <strong>Jo\u00ebl Moulin<\/strong>, P\u00e9dologue ; <strong>Alexis Robin<\/strong>, Cabinet AUDDICE.<\/p>\n\n\n\n<p>16h30 : Conclusion du s\u00e9minaire<\/p>\n","protected":false},"excerpt":{"rendered":"<p>1er s\u00e9minaire 13 novembre 2023 S\u00e9minaire d&rsquo;orientation de la Plateforme POPSU de Tours, La Grande Trame Brune 14h30 : Ouverture Christian Gatard, vice-pr\u00e9sident, d\u00e9l\u00e9gu\u00e9 aux finances et \u00e0 l\u2019urbanisme, Maire de Chambray-l\u00e8s-ToursH\u00e9l\u00e8ne Peskine, secr\u00e9taire permanente du Plan urbanisme constructionarchitecture, pr\u00e9sidente du Groupement d\u2019int\u00e9r\u00eat public l\u2019Europe des projets architecturaux et urbains 14h45 : POPSU Transitions, un [&hellip;]<\/p>\n","protected":false},"author":1,"featured_media":0,"parent":0,"menu_order":0,"comment_status":"closed","ping_status":"closed","template":"","meta":{"_acf_changed":false,"footnotes":""},"class_list":["post-18","page","type-page","status-publish","hentry"],"acf":[],"_links":{"self":[{"href":"https:\/\/popsu-tramebrune.univ-tours.fr\/index.php\/wp-json\/wp\/v2\/pages\/18","targetHints":{"allow":["GET"]}}],"collection":[{"href":"https:\/\/popsu-tramebrune.univ-tours.fr\/index.php\/wp-json\/wp\/v2\/pages"}],"about":[{"href":"https:\/\/popsu-tramebrune.univ-tours.fr\/index.php\/wp-json\/wp\/v2\/types\/page"}],"author":[{"embeddable":true,"href":"https:\/\/popsu-tramebrune.univ-tours.fr\/index.php\/wp-json\/wp\/v2\/users\/1"}],"replies":[{"embeddable":true,"href":"https:\/\/popsu-tramebrune.univ-tours.fr\/index.php\/wp-json\/wp\/v2\/comments?post=18"}],"version-history":[{"count":10,"href":"https:\/\/popsu-tramebrune.univ-tours.fr\/index.php\/wp-json\/wp\/v2\/pages\/18\/revisions"}],"predecessor-version":[{"id":96,"href":"https:\/\/popsu-tramebrune.univ-tours.fr\/index.php\/wp-json\/wp\/v2\/pages\/18\/revisions\/96"}],"wp:attachment":[{"href":"https:\/\/popsu-tramebrune.univ-tours.fr\/index.php\/wp-json\/wp\/v2\/media?parent=18"}],"curies":[{"name":"wp","href":"https:\/\/api.w.org\/{rel}","templated":true}]}}