{"id":130,"date":"2024-10-14T11:34:45","date_gmt":"2024-10-14T09:34:45","guid":{"rendered":"https:\/\/popsu-tramebrune.univ-tours.fr\/?page_id=130"},"modified":"2024-10-18T09:17:26","modified_gmt":"2024-10-18T07:17:26","slug":"acces-reserve","status":"publish","type":"page","link":"https:\/\/popsu-tramebrune.univ-tours.fr\/index.php\/acces-reserve\/","title":{"rendered":"Acc\u00e8s r\u00e9serv\u00e9"},"content":{"rendered":"","protected":true},"excerpt":{"rendered":"","protected":true},"author":2,"featured_media":0,"parent":0,"menu_order":0,"comment_status":"closed","ping_status":"closed","template":"","meta":{"_acf_changed":false,"footnotes":""},"class_list":["post-130","page","type-page","status-publish","post-password-required","hentry"],"acf":[],"_links":{"self":[{"href":"https:\/\/popsu-tramebrune.univ-tours.fr\/index.php\/wp-json\/wp\/v2\/pages\/130","targetHints":{"allow":["GET"]}}],"collection":[{"href":"https:\/\/popsu-tramebrune.univ-tours.fr\/index.php\/wp-json\/wp\/v2\/pages"}],"about":[{"href":"https:\/\/popsu-tramebrune.univ-tours.fr\/index.php\/wp-json\/wp\/v2\/types\/page"}],"author":[{"embeddable":true,"href":"https:\/\/popsu-tramebrune.univ-tours.fr\/index.php\/wp-json\/wp\/v2\/users\/2"}],"replies":[{"embeddable":true,"href":"https:\/\/popsu-tramebrune.univ-tours.fr\/index.php\/wp-json\/wp\/v2\/comments?post=130"}],"version-history":[{"count":2,"href":"https:\/\/popsu-tramebrune.univ-tours.fr\/index.php\/wp-json\/wp\/v2\/pages\/130\/revisions"}],"predecessor-version":[{"id":147,"href":"https:\/\/popsu-tramebrune.univ-tours.fr\/index.php\/wp-json\/wp\/v2\/pages\/130\/revisions\/147"}],"wp:attachment":[{"href":"https:\/\/popsu-tramebrune.univ-tours.fr\/index.php\/wp-json\/wp\/v2\/media?parent=130"}],"curies":[{"name":"wp","href":"https:\/\/api.w.org\/{rel}","templated":true}]}}